{"id":5,"date":"2019-02-12T21:23:43","date_gmt":"2019-02-12T21:23:43","guid":{"rendered":"https:\/\/corporationen.ch\/?page_id=5"},"modified":"2019-02-12T21:23:43","modified_gmt":"2019-02-12T21:23:43","slug":"was-ist-der-ccz","status":"publish","type":"page","link":"https:\/\/corporationen.ch\/index.php\/was-ist-der-ccz\/","title":{"rendered":"Was ist der CCZ?"},"content":{"rendered":"\n<p>Studentenverbindungen (auch Corporationen genannt)\nhaben, im Gegensatz zu einer weit verbreiteten Meinung, nichts geheimes oder\ngef\u00e4hrliches oder verschw\u00f6rerisches an sich. Sie sind Vereinigungen von\nMittelsch\u00fclern, Akademikern oder Fachhochsch\u00fclern, die sich gemeinsamer\nPrinzipien verpflichtet f\u00fchlen. Diese Prinzipien k\u00f6nnen sein Tugend (anderen\nals Vorbild dienen), Vaterland (etwas f\u00fcr die Gemeinschaft zu tun),\nWissenschaft (Einblick in andere Fachgebiete erm\u00f6glichen). Allen\nStudentenverbindungen ist eines gemeinsam: Sie wollen Freundschaften f\u00fcrs Leben\nschaffen.<\/p>\n\n\n\n<p>Studentenverbindungen unterscheiden sich zum Teil\nstark voneinander, aber alle pflegen die studentischen Traditionen. Das sind\nnicht verkn\u00f6cherte, alte Z\u00f6pfe, sondern Verhaltensregeln und Traditionen die\nauch heute noch ihren Sinn und Zweck erf\u00fcllen. In diesem Sinne treffen sich in\nden verschiedenen Corporationen sehr unterschiedliche Leute, mit sehr\nunterschiedlichen Ansichten, was die Sache ganz interessant macht: links sitzt\nein Alt-68 Physiker im Berufsleben, rechts ein katholisch-konservativer\nSoziologe im Studium und gegen\u00fcber ein liberaler Professor f\u00fcr Geschichte im\nRuhestand. Dieser Gedankenaustausch ist unsch\u00e4tzbar, denn die Alten bleiben am\nPuls der Zeit und die Jungen k\u00f6nnen von den Erfahrungen der \u00c4lteren lernen!\nAber alle sitzen am gleichen Tisch, folgen den selben Idealen und pflegen ihre\nstudentischen Traditionen. Und um das auch noch zu kl\u00e4ren: Es dreht sich viel\num Bier &#8211; aber auch dies ist von Corporation zu Corporation unterschiedlich.<\/p>\n\n\n\n<p>Studentenverbindungen bieten:<\/p>\n\n\n\n<ul class=\"wp-block-list\"><li> Freundschaften f\u00fcrs Leben<\/li><li>Fr\u00f6hliche Anl\u00e4sse<\/li><li>St\u00e4ndiger Gedankenaustausch<\/li><li>Gemeinsames Brauchtum<\/li><li>Unterst\u00fctzung im Studium<\/li><li>Respekt, Toleranz und Offenheit <\/li><\/ul>\n\n\n\n<p>Was muss jemand mitbringen, der sich f\u00fcr eine\nStudentenverbindung interssiert? Er muss bereit sein die Gepflogenheiten einer\nStudentenverbindung zu leben, gewisse Pflichten auf sich zu nehmen und jeden\nnach den eigenen M\u00f6glichkeiten zu unterst\u00fctzen.<\/p>\n\n\n\n<p>Der Corporationen-Convent zu Z\u00fcrich (CCZ) ist die\nVereinigung aller couleurstudentischen Corporationen beider Hochschulen in\nZ\u00fcrich. Der CCZ f\u00f6rdert den pers\u00f6nlichen Kontakt zwischen den verschiedenen\nCorporationen und deren Mitgliedern, ist also das lockere Bindeglied zwischen\nallen farbentragenden Studenten. Er organisiert in jedem Semester einen\ngemeinsamen Anlass und bietet f\u00fcr alle Mitglieder eine Plattform f\u00fcr\nAktivit\u00e4ten und den Informationsaustausch. Zudem ist der CCZ die Kontaktstelle\nf\u00fcr die Verantwortlichen der Universit\u00e4t und ETH.<\/p>\n\n\n\n<p>Es ist nun ganz einfach: Unter Mitglieder findest\nDu alle Corporationen Z\u00fcrichs. Informiere Dich auf dieser Homepage, auf den\nHomepages der einzelnen Corporationen und dann besuche diejenigen\nStudentenverbindungen, die Dich in irgendeinerweise interssieren. Jeder\nFarbenstudent wird Dir Deine Fragen beantworten, keiner wird Dich beissen und\nnormalerweise kriegst Du auch ein Getr\u00e4nk spendiert (Betonung auf Getr\u00e4nk,\nnicht Bier!). Ich glaube Du wirst ganz sicher ein paar Leute finden, mit denen\nzusammen Du Dich engagieren kannst.<\/p>\n\n\n\n<p>In diesem Sinne bis bald und mit farbenfrohen\nGr\u00fcssen<\/p>\n\n\n\n<p>Pascal F\u00f6hr v\/o Lipton G!<\/p>\n","protected":false},"excerpt":{"rendered":"<p>Studentenverbindungen (auch Corporationen genannt) haben, im Gegensatz zu einer weit verbreiteten Meinung, nichts geheimes oder gef\u00e4hrliches oder verschw\u00f6rerisches an sich. Sie sind Vereinigungen von Mittelsch\u00fclern, Akademikern oder Fachhochsch\u00fclern, die sich gemeinsamer Prinzipien verpflichtet f\u00fchlen. Diese Prinzipien k\u00f6nnen sein Tugend (anderen als Vorbild dienen), Vaterland (etwas f\u00fcr die Gemeinschaft zu tun), Wissenschaft (Einblick in andere Fachgebiete &hellip; <a href=\"https:\/\/corporationen.ch\/index.php\/was-ist-der-ccz\/\" class=\"more-link\"><span class=\"screen-reader-text\">&#8220;Was ist der CCZ?&#8221; <\/span>weiterlesen<\/a><\/p>\n","protected":false},"author":1,"featured_media":0,"parent":0,"menu_order":0,"comment_status":"closed","ping_status":"closed","template":"","meta":{"footnotes":""},"class_list":["post-5","page","type-page","status-publish","hentry"],"publishpress_future_action":{"enabled":false,"date":"2026-05-07 01:00:44","action":"change-status","newStatus":"draft","terms":[],"taxonomy":"","extraData":[]},"publishpress_future_workflow_manual_trigger":{"enabledWorkflows":[]},"_links":{"self":[{"href":"https:\/\/corporationen.ch\/index.php\/wp-json\/wp\/v2\/pages\/5","targetHints":{"allow":["GET"]}}],"collection":[{"href":"https:\/\/corporationen.ch\/index.php\/wp-json\/wp\/v2\/pages"}],"about":[{"href":"https:\/\/corporationen.ch\/index.php\/wp-json\/wp\/v2\/types\/page"}],"author":[{"embeddable":true,"href":"https:\/\/corporationen.ch\/index.php\/wp-json\/wp\/v2\/users\/1"}],"replies":[{"embeddable":true,"href":"https:\/\/corporationen.ch\/index.php\/wp-json\/wp\/v2\/comments?post=5"}],"version-history":[{"count":1,"href":"https:\/\/corporationen.ch\/index.php\/wp-json\/wp\/v2\/pages\/5\/revisions"}],"predecessor-version":[{"id":6,"href":"https:\/\/corporationen.ch\/index.php\/wp-json\/wp\/v2\/pages\/5\/revisions\/6"}],"wp:attachment":[{"href":"https:\/\/corporationen.ch\/index.php\/wp-json\/wp\/v2\/media?parent=5"}],"curies":[{"name":"wp","href":"https:\/\/api.w.org\/{rel}","templated":true}]}}